{"id":15,"date":"2022-03-16T00:51:16","date_gmt":"2022-03-15T23:51:16","guid":{"rendered":"http:\/\/sasy.dk\/?page_id=15"},"modified":"2022-03-16T00:51:16","modified_gmt":"2022-03-15T23:51:16","slug":"kontakt","status":"publish","type":"page","link":"http:\/\/sasy.dk\/index.php\/kontakt\/","title":{"rendered":"Kontakt"},"content":{"rendered":"\n<p>Dette er en side med basale kontaktinformationer, s\u00e5som adresse og telefonnummer. Du kan ogs\u00e5 pr\u00f8ve at tilf\u00f8je en kontaktformular her med et plugin.<\/p>\n","protected":false},"excerpt":{"rendered":"<p>Dette er en side med basale kontaktinformationer, s\u00e5som adresse og telefonnummer. Du kan ogs\u00e5 pr\u00f8ve at tilf\u00f8je en kontaktformular her med et plugin.<\/p>\n","protected":false},"author":1,"featured_media":0,"parent":0,"menu_order":0,"comment_status":"closed","ping_status":"closed","template":"","meta":[],"_links":{"self":[{"href":"http:\/\/sasy.dk\/index.php\/wp-json\/wp\/v2\/pages\/15"}],"collection":[{"href":"http:\/\/sasy.dk\/index.php\/wp-json\/wp\/v2\/pages"}],"about":[{"href":"http:\/\/sasy.dk\/index.php\/wp-json\/wp\/v2\/types\/page"}],"author":[{"embeddable":true,"href":"http:\/\/sasy.dk\/index.php\/wp-json\/wp\/v2\/users\/1"}],"replies":[{"embeddable":true,"href":"http:\/\/sasy.dk\/index.php\/wp-json\/wp\/v2\/comments?post=15"}],"version-history":[{"count":1,"href":"http:\/\/sasy.dk\/index.php\/wp-json\/wp\/v2\/pages\/15\/revisions"}],"predecessor-version":[{"id":35,"href":"http:\/\/sasy.dk\/index.php\/wp-json\/wp\/v2\/pages\/15\/revisions\/35"}],"wp:attachment":[{"href":"http:\/\/sasy.dk\/index.php\/wp-json\/wp\/v2\/media?parent=15"}],"curies":[{"name":"wp","href":"https:\/\/api.w.org\/{rel}","templated":true}]}}